{"id":10006,"date":"2022-07-11T20:05:50","date_gmt":"2022-07-12T03:05:50","guid":{"rendered":"https:\/\/laca.edu\/cosmetologia-revisada\/"},"modified":"2024-02-17T14:02:00","modified_gmt":"2024-02-17T22:02:00","slug":"new-cosmetology","status":"publish","type":"page","link":"https:\/\/laca.edu\/es\/new-cosmetology\/","title":{"rendered":"Cosmetology"},"content":{"rendered":"\t\t<div data-elementor-type=\"wp-page\" data-elementor-id=\"10006\" class=\"elementor elementor-10006 elementor-9680\">\n\t\t\t\t\t\t\t\t\t<section class=\"elementor-section elementor-top-section elementor-element elementor-element-af94a11 elementor-section-full_width elementor-section-stretched elementor-section-height-full elementor-section-height-default elementor-section-items-middle qodef-elementor-content-no\" data-id=\"af94a11\" data-element_type=\"section\" data-settings=\"{&quot;background_background&quot;:&quot;classic&quot;,&quot;stretch_section&quot;:&quot;section-stretched&quot;}\">\n\t\t\t\t\t\t<div class=\"elementor-container elementor-column-gap-default\">\n\t\t\t\t\t<div class=\"elementor-column elementor-col-50 elementor-top-column elementor-element elementor-element-b271e18\" data-id=\"b271e18\" data-element_type=\"column\" data-settings=\"{&quot;background_background&quot;:&quot;classic&quot;}\">\n\t\t\t<div class=\"elementor-widget-wrap\">\n\t\t\t\t\t\t\t\t\t<\/div>\n\t\t<\/div>\n\t\t\t\t<div class=\"elementor-column elementor-col-50 elementor-top-column elementor-element elementor-element-093ec02\" data-id=\"093ec02\" data-element_type=\"column\">\n\t\t\t<div class=\"elementor-widget-wrap elementor-element-populated\">\n\t\t\t\t\t\t\t\t<div class=\"elementor-element elementor-element-8659bf1 elementor-widget elementor-widget-leonie_core_section_title\" data-id=\"8659bf1\" data-element_type=\"widget\" data-widget_type=\"leonie_core_section_title.default\">\n\t\t\t\t<div class=\"elementor-widget-container\">\n\t\t\t<div class=\"qodef-shortcode qodef-m program-title qodef-section-title qodef-alignment--left \">\n\t\t<h1 class=\"qodef-m-title\" style=\"color: #000000\">\n\t\tCosmetologia\t\t<\/h1>\n\t\t\n\t<\/div>\n\t\t<\/div>\n\t\t\t\t<\/div>\n\t\t\t\t<div class=\"elementor-element elementor-element-b13fcc8 elementor-widget elementor-widget-leonie_core_section_title\" data-id=\"b13fcc8\" data-element_type=\"widget\" data-widget_type=\"leonie_core_section_title.default\">\n\t\t\t\t<div class=\"elementor-widget-container\">\n\t\t\t<div class=\"qodef-shortcode qodef-m  qodef-section-title qodef-alignment--left \">\n\t\t<span class=\"qodef-m-tagline\" >\n\t\tCOSMETOLOGY<span class=\"qodef-tagline-separator\"><\/span> (Spanish) PROGRAM (1,000 hours)\t<\/span>\n\t<h3 class=\"qodef-m-title\" >\n\t\tEstelista\t\t<\/h3>\n\t\t\n\t<\/div>\n\t\t<\/div>\n\t\t\t\t<\/div>\n\t\t\t\t<div class=\"elementor-element elementor-element-fc347d1 elementor-widget elementor-widget-text-editor\" data-id=\"fc347d1\" data-element_type=\"widget\" data-widget_type=\"text-editor.default\">\n\t\t\t\t<div class=\"elementor-widget-container\">\n\t\t\t<style>\/*! elementor - v3.13.3 - 22-05-2023 *\/\n.elementor-widget-text-editor.elementor-drop-cap-view-stacked .elementor-drop-cap{background-color:#69727d;color:#fff}.elementor-widget-text-editor.elementor-drop-cap-view-framed .elementor-drop-cap{color:#69727d;border:3px solid;background-color:transparent}.elementor-widget-text-editor:not(.elementor-drop-cap-view-default) .elementor-drop-cap{margin-top:8px}.elementor-widget-text-editor:not(.elementor-drop-cap-view-default) .elementor-drop-cap-letter{width:1em;height:1em}.elementor-widget-text-editor .elementor-drop-cap{float:left;text-align:center;line-height:1;font-size:50px}.elementor-widget-text-editor .elementor-drop-cap-letter{display:inline-block}<\/style>\t\t\t\t<p>Es alguien que est\u00e1 constantemente a la vanguardia de los estilos y tendencias actuales. Como cosmet\u00f3loga, puedes realizar cortes de cabello, color, mechas, tratamientos faciales, manicuras y mucho m\u00e1s. Nuestros instructores experimentados y solidarios te brindar\u00e1n una excelente educaci\u00f3n en servicio al cliente, conocimiento del producto, captaci\u00f3n y retenci\u00f3n de clientes.  <\/p>\n\t\t\t\t\t\t<\/div>\n\t\t\t\t<\/div>\n\t\t\t\t<div class=\"elementor-element elementor-element-b9b27cf elementor-widget elementor-widget-text-editor\" data-id=\"b9b27cf\" data-element_type=\"widget\" data-widget_type=\"text-editor.default\">\n\t\t\t\t<div class=\"elementor-widget-container\">\n\t\t\t\t\t\t\t<p>Nuestro programa de Cosmetolog\u00eda de 1,000 horas cumple con los requisitos estatales m\u00ednimos. Nuestra misi\u00f3n es ofrecer capacitaci\u00f3n que prepare al estudiante para adquirir el conocimiento y las habilidades necesarias para aprobar el examen de licencia de la Junta de Peluquer\u00eda y Cosmetolog\u00eda.<\/p>\n\t\t\t\t\t\t<\/div>\n\t\t\t\t<\/div>\n\t\t\t\t<div class=\"elementor-element elementor-element-3a8436b elementor-widget elementor-widget-text-editor\" data-id=\"3a8436b\" data-element_type=\"widget\" data-widget_type=\"text-editor.default\">\n\t\t\t\t<div class=\"elementor-widget-container\">\n\t\t\t\t\t\t\t<p>En el proceso, nuestro objetivo es maximizar el desarrollo y crecimiento personal de cada estudiante como una persona total, para ayudar a cada estudiante a descubrir su potencial y, con suerte, funcionar como empresarios de cosmetolog\u00eda del futuro. Las oportunidades profesionales incluyen cosmet\u00f3logos, peluqueros, estilistas, maquilladores, manicuristas y pedicuristas, especialistas en cuidado de la piel, educadores\/representantes de marca, gerentes\/propietarios de salones y mucho m\u00e1s. <\/p>\n\t\t\t\t\t\t<\/div>\n\t\t\t\t<\/div>\n\t\t\t\t<div class=\"elementor-element elementor-element-afa3331 elementor-widget elementor-widget-leonie_core_separator\" data-id=\"afa3331\" data-element_type=\"widget\" data-widget_type=\"leonie_core_separator.default\">\n\t\t\t\t<div class=\"elementor-widget-container\">\n\t\t\t<div class=\"qodef-shortcode qodef-m  qodef-separator clear \">\n\t<div class=\"qodef-m-line\" ><\/div>\n<\/div>\n\t\t<\/div>\n\t\t\t\t<\/div>\n\t\t\t\t\t<\/div>\n\t\t<\/div>\n\t\t\t\t\t\t\t<\/div>\n\t\t<\/section>\n\t\t\t\t\t\t\t<\/div>\n\t\t","protected":false},"excerpt":{"rendered":"<p>Cosmetologia COSMETOLOGY (Spanish) PROGRAM (1,000 hours) Estelista Es alguien que est\u00e1 constantemente a la vanguardia de los estilos y tendencias actuales. Como cosmet\u00f3loga, puedes realizar cortes de cabello, color, mechas, tratamientos faciales, manicuras y mucho m\u00e1s. Nuestros instructores experimentados y solidarios te brindar\u00e1n una excelente educaci\u00f3n en servicio al cliente, conocimiento del producto, captaci\u00f3n y [&hellip;]<\/p>\n","protected":false},"author":1,"featured_media":0,"parent":0,"menu_order":0,"comment_status":"closed","ping_status":"closed","template":"page-full-width.php","meta":[],"_links":{"self":[{"href":"https:\/\/laca.edu\/es\/wp-json\/wp\/v2\/pages\/10006"}],"collection":[{"href":"https:\/\/laca.edu\/es\/wp-json\/wp\/v2\/pages"}],"about":[{"href":"https:\/\/laca.edu\/es\/wp-json\/wp\/v2\/types\/page"}],"author":[{"embeddable":true,"href":"https:\/\/laca.edu\/es\/wp-json\/wp\/v2\/users\/1"}],"replies":[{"embeddable":true,"href":"https:\/\/laca.edu\/es\/wp-json\/wp\/v2\/comments?post=10006"}],"version-history":[{"count":11,"href":"https:\/\/laca.edu\/es\/wp-json\/wp\/v2\/pages\/10006\/revisions"}],"predecessor-version":[{"id":10482,"href":"https:\/\/laca.edu\/es\/wp-json\/wp\/v2\/pages\/10006\/revisions\/10482"}],"wp:attachment":[{"href":"https:\/\/laca.edu\/es\/wp-json\/wp\/v2\/media?parent=10006"}],"curies":[{"name":"wp","href":"https:\/\/api.w.org\/{rel}","templated":true}]}}