{"id":10028,"date":"2021-12-08T23:19:31","date_gmt":"2021-12-09T07:19:31","guid":{"rendered":"https:\/\/laca.edu\/manicura\/"},"modified":"2024-03-04T10:10:00","modified_gmt":"2024-03-04T18:10:00","slug":"manicurist","status":"publish","type":"page","link":"https:\/\/laca.edu\/es\/manicurist\/","title":{"rendered":"Manicurist"},"content":{"rendered":"\t\t<div data-elementor-type=\"wp-page\" data-elementor-id=\"10028\" class=\"elementor elementor-10028 elementor-9087\">\n\t\t\t\t\t\t\t\t\t<section class=\"elementor-section elementor-top-section elementor-element elementor-element-af94a11 elementor-section-stretched elementor-section-full_width elementor-section-height-full elementor-section-height-default elementor-section-items-middle qodef-elementor-content-no\" data-id=\"af94a11\" data-element_type=\"section\" data-settings=\"{&quot;background_background&quot;:&quot;classic&quot;,&quot;stretch_section&quot;:&quot;section-stretched&quot;}\">\n\t\t\t\t\t\t<div class=\"elementor-container elementor-column-gap-default\">\n\t\t\t\t\t<div class=\"elementor-column elementor-col-50 elementor-top-column elementor-element elementor-element-b271e18\" data-id=\"b271e18\" data-element_type=\"column\" data-settings=\"{&quot;background_background&quot;:&quot;classic&quot;}\">\n\t\t\t<div class=\"elementor-widget-wrap\">\n\t\t\t\t\t\t\t\t\t<\/div>\n\t\t<\/div>\n\t\t\t\t<div class=\"elementor-column elementor-col-50 elementor-top-column elementor-element elementor-element-093ec02\" data-id=\"093ec02\" data-element_type=\"column\">\n\t\t\t<div class=\"elementor-widget-wrap elementor-element-populated\">\n\t\t\t\t\t\t\t\t<div class=\"elementor-element elementor-element-8659bf1 elementor-widget elementor-widget-leonie_core_section_title\" data-id=\"8659bf1\" data-element_type=\"widget\" data-widget_type=\"leonie_core_section_title.default\">\n\t\t\t\t<div class=\"elementor-widget-container\">\n\t\t\t<div class=\"qodef-shortcode qodef-m program-title qodef-section-title qodef-alignment--left \">\n\t\t<h1 class=\"qodef-m-title\" style=\"color: #410099\">\n\t\tManicurista\t\t<\/h1>\n\t\t\n\t<\/div>\n\t\t<\/div>\n\t\t\t\t<\/div>\n\t\t\t\t<div class=\"elementor-element elementor-element-b13fcc8 elementor-widget elementor-widget-leonie_core_section_title\" data-id=\"b13fcc8\" data-element_type=\"widget\" data-widget_type=\"leonie_core_section_title.default\">\n\t\t\t\t<div class=\"elementor-widget-container\">\n\t\t\t<div class=\"qodef-shortcode qodef-m  qodef-section-title qodef-alignment--left \">\n\t\t<span class=\"qodef-m-tagline\" >\n\t\tMANICURIST<span class=\"qodef-tagline-separator\"><\/span> (Spanish) PROGRAM (400 HOURS)\t<\/span>\n\t\t\n\t<\/div>\n\t\t<\/div>\n\t\t\t\t<\/div>\n\t\t\t\t<div class=\"elementor-element elementor-element-fc347d1 elementor-widget elementor-widget-text-editor\" data-id=\"fc347d1\" data-element_type=\"widget\" data-widget_type=\"text-editor.default\">\n\t\t\t\t<div class=\"elementor-widget-container\">\n\t\t\t<style>\/*! elementor - v3.13.3 - 22-05-2023 *\/\n.elementor-widget-text-editor.elementor-drop-cap-view-stacked .elementor-drop-cap{background-color:#69727d;color:#fff}.elementor-widget-text-editor.elementor-drop-cap-view-framed .elementor-drop-cap{color:#69727d;border:3px solid;background-color:transparent}.elementor-widget-text-editor:not(.elementor-drop-cap-view-default) .elementor-drop-cap{margin-top:8px}.elementor-widget-text-editor:not(.elementor-drop-cap-view-default) .elementor-drop-cap-letter{width:1em;height:1em}.elementor-widget-text-editor .elementor-drop-cap{float:left;text-align:center;line-height:1;font-size:50px}.elementor-widget-text-editor .elementor-drop-cap-letter{display:inline-block}<\/style>\t\t\t\t<p>Convi\u00e9rtase en parte de las profesiones m\u00e1s emocionantes, de m\u00e1s r\u00e1pido crecimiento, creativas y potencialmente rentables en el mundo de la belleza actual. Instruimos a los estudiantes en todas las fases de anatom\u00eda, bacteriolog\u00eda, saneamiento, higiene, manicura, pedicura, aplicaci\u00f3n de u\u00f1as artificiales, arte de u\u00f1as en 3D. , u\u00f1as de gel y marketing. <\/p>\n<\/p>\n<p>Nuestro programa de Manicurista de 400 horas cumple con los requisitos estatales m\u00ednimos. Nuestra misi\u00f3n es ofrecer capacitaci\u00f3n que prepare al estudiante para adquirir los conocimientos y habilidades necesarios para aprobar el examen de licencia de la Junta de Peluquer\u00eda y Cosmetolog\u00eda.<\/p>\n<\/p>\n<p>En el proceso, nuestro objetivo es maximizar el desarrollo y crecimiento personal de cada estudiante como persona total, para ayudar a cada estudiante a descubrir su potencial y, con suerte, funcionar como Manicuristas emprendedoras del futuro. Las oportunidades profesionales incluyen manicurista, pedicurista, t\u00e9cnico de u\u00f1as, artista de u\u00f1as, educador\/representante de marca, propietario de sal\u00f3n y mucho m\u00e1s. <\/p><\/p>\n\t\t\t\t\t\t<\/div>\n\t\t\t\t<\/div>\n\t\t\t\t\t<\/div>\n\t\t<\/div>\n\t\t\t\t\t\t\t<\/div>\n\t\t<\/section>\n\t\t\t\t\t\t\t<\/div>\n\t\t","protected":false},"excerpt":{"rendered":"<p>Manicurista MANICURIST (Spanish) PROGRAM (400 HOURS) Convi\u00e9rtase en parte de las profesiones m\u00e1s emocionantes, de m\u00e1s r\u00e1pido crecimiento, creativas y potencialmente rentables en el mundo de la belleza actual. Instruimos a los estudiantes en todas las fases de anatom\u00eda, bacteriolog\u00eda, saneamiento, higiene, manicura, pedicura, aplicaci\u00f3n de u\u00f1as artificiales, arte de u\u00f1as en 3D. , u\u00f1as [&hellip;]<\/p>\n","protected":false},"author":1,"featured_media":0,"parent":0,"menu_order":0,"comment_status":"closed","ping_status":"closed","template":"page-full-width.php","meta":[],"_links":{"self":[{"href":"https:\/\/laca.edu\/es\/wp-json\/wp\/v2\/pages\/10028"}],"collection":[{"href":"https:\/\/laca.edu\/es\/wp-json\/wp\/v2\/pages"}],"about":[{"href":"https:\/\/laca.edu\/es\/wp-json\/wp\/v2\/types\/page"}],"author":[{"embeddable":true,"href":"https:\/\/laca.edu\/es\/wp-json\/wp\/v2\/users\/1"}],"replies":[{"embeddable":true,"href":"https:\/\/laca.edu\/es\/wp-json\/wp\/v2\/comments?post=10028"}],"version-history":[{"count":12,"href":"https:\/\/laca.edu\/es\/wp-json\/wp\/v2\/pages\/10028\/revisions"}],"predecessor-version":[{"id":10598,"href":"https:\/\/laca.edu\/es\/wp-json\/wp\/v2\/pages\/10028\/revisions\/10598"}],"wp:attachment":[{"href":"https:\/\/laca.edu\/es\/wp-json\/wp\/v2\/media?parent=10028"}],"curies":[{"name":"wp","href":"https:\/\/api.w.org\/{rel}","templated":true}]}}