{"id":10032,"date":"2021-12-08T23:31:30","date_gmt":"2021-12-09T07:31:30","guid":{"rendered":"https:\/\/laca.edu\/cosmetologia\/"},"modified":"2024-02-05T10:45:49","modified_gmt":"2024-02-05T18:45:49","slug":"cosmetology","status":"publish","type":"page","link":"https:\/\/laca.edu\/es\/cosmetology\/","title":{"rendered":"Cosmetolog\u00eda"},"content":{"rendered":"\t\t<div data-elementor-type=\"wp-page\" data-elementor-id=\"10032\" class=\"elementor elementor-10032 elementor-9096\">\n\t\t\t\t\t\t\t\t\t<section class=\"elementor-section elementor-top-section elementor-element elementor-element-af94a11 elementor-section-full_width elementor-section-stretched elementor-section-height-default elementor-section-height-default qodef-elementor-content-no\" data-id=\"af94a11\" data-element_type=\"section\" data-settings=\"{&quot;background_background&quot;:&quot;classic&quot;,&quot;stretch_section&quot;:&quot;section-stretched&quot;}\">\n\t\t\t\t\t\t<div class=\"elementor-container elementor-column-gap-default\">\n\t\t\t\t\t<div class=\"elementor-column elementor-col-50 elementor-top-column elementor-element elementor-element-b271e18\" data-id=\"b271e18\" data-element_type=\"column\" data-settings=\"{&quot;background_background&quot;:&quot;classic&quot;}\">\n\t\t\t<div class=\"elementor-widget-wrap\">\n\t\t\t\t\t\t\t\t\t<\/div>\n\t\t<\/div>\n\t\t\t\t<div class=\"elementor-column elementor-col-50 elementor-top-column elementor-element elementor-element-093ec02\" data-id=\"093ec02\" data-element_type=\"column\">\n\t\t\t<div class=\"elementor-widget-wrap elementor-element-populated\">\n\t\t\t\t\t\t\t\t<div class=\"elementor-element elementor-element-8659bf1 elementor-widget elementor-widget-leonie_core_section_title\" data-id=\"8659bf1\" data-element_type=\"widget\" data-widget_type=\"leonie_core_section_title.default\">\n\t\t\t\t<div class=\"elementor-widget-container\">\n\t\t\t<div class=\"qodef-shortcode qodef-m program-title qodef-section-title qodef-alignment--left \">\n\t\t<h1 class=\"qodef-m-title\" style=\"color: #000000\">\n\t\tCosmetology\t\t<\/h1>\n\t\t\n\t<\/div>\n\t\t<\/div>\n\t\t\t\t<\/div>\n\t\t\t\t<div class=\"elementor-element elementor-element-b13fcc8 elementor-widget elementor-widget-leonie_core_section_title\" data-id=\"b13fcc8\" data-element_type=\"widget\" data-widget_type=\"leonie_core_section_title.default\">\n\t\t\t\t<div class=\"elementor-widget-container\">\n\t\t\t<div class=\"qodef-shortcode qodef-m  qodef-section-title qodef-alignment--left \">\n\t\t<span class=\"qodef-m-tagline\" >\n\t\tPROGRAM<span class=\"qodef-tagline-separator\"><\/span> LENGTH\t<\/span>\n\t<h3 class=\"qodef-m-title\" >\n\t\t48 weeks\t\t<\/h3>\n\t\t\n\t<\/div>\n\t\t<\/div>\n\t\t\t\t<\/div>\n\t\t\t\t<div class=\"elementor-element elementor-element-fc347d1 elementor-widget elementor-widget-text-editor\" data-id=\"fc347d1\" data-element_type=\"widget\" data-widget_type=\"text-editor.default\">\n\t\t\t\t<div class=\"elementor-widget-container\">\n\t\t\t<style>\/*! elementor - v3.13.3 - 22-05-2023 *\/\n.elementor-widget-text-editor.elementor-drop-cap-view-stacked .elementor-drop-cap{background-color:#69727d;color:#fff}.elementor-widget-text-editor.elementor-drop-cap-view-framed .elementor-drop-cap{color:#69727d;border:3px solid;background-color:transparent}.elementor-widget-text-editor:not(.elementor-drop-cap-view-default) .elementor-drop-cap{margin-top:8px}.elementor-widget-text-editor:not(.elementor-drop-cap-view-default) .elementor-drop-cap-letter{width:1em;height:1em}.elementor-widget-text-editor .elementor-drop-cap{float:left;text-align:center;line-height:1;font-size:50px}.elementor-widget-text-editor .elementor-drop-cap-letter{display:inline-block}<\/style>\t\t\t\t<p>*Porcentaje de estudiantes que completaron el programa en el 100% del tiempo normal (48 semanas).<\/p>\n<p>Programa de cosmetolog\u00eda (1.600 horas reloj) El plan de estudios para los estudiantes matriculados en un programa de cosmetolog\u00eda consta de mil seiscientas (1.600) horas reloj de instrucci\u00f3n t\u00e9cnica y operaciones pr\u00e1cticas que abarcan todas las pr\u00e1cticas que constituyen el arte de la cosmetolog\u00eda de conformidad con la Secci\u00f3n 7316 de la Ley de Barber\u00eda y Cosmetolog\u00eda. Por instrucci\u00f3n t\u00e9cnica se entiende la instrucci\u00f3n impartida mediante demostraci\u00f3n, conferencia, participaci\u00f3n en clase o examen. Por operaci\u00f3n pr\u00e1ctica se entender\u00e1 la realizaci\u00f3n real por parte del alumno de un servicio completo en otra persona o maniqu\u00ed.<\/p>\n\t\t\t\t\t\t<\/div>\n\t\t\t\t<\/div>\n\t\t\t\t<div class=\"elementor-element elementor-element-afa3331 elementor-widget elementor-widget-leonie_core_separator\" data-id=\"afa3331\" data-element_type=\"widget\" data-widget_type=\"leonie_core_separator.default\">\n\t\t\t\t<div class=\"elementor-widget-container\">\n\t\t\t<div class=\"qodef-shortcode qodef-m  qodef-separator clear \">\n\t<div class=\"qodef-m-line\" ><\/div>\n<\/div>\n\t\t<\/div>\n\t\t\t\t<\/div>\n\t\t\t\t<div class=\"elementor-element elementor-element-f80ed47 elementor-widget elementor-widget-leonie_core_section_title\" data-id=\"f80ed47\" data-element_type=\"widget\" data-widget_type=\"leonie_core_section_title.default\">\n\t\t\t\t<div class=\"elementor-widget-container\">\n\t\t\t<div class=\"qodef-shortcode qodef-m  qodef-section-title qodef-alignment--left \">\n\t\t<span class=\"qodef-m-tagline\" >\n\t\tPROGRAM<span class=\"qodef-tagline-separator\"><\/span> COSTS*\t<\/span>\n\t<h3 class=\"qodef-m-title\" >\n\t\t$12,892.50 for tuition and fees<br>$1,615 for books and supplies\t\t<\/h3>\n\t\t\n\t<\/div>\n\t\t<\/div>\n\t\t\t\t<\/div>\n\t\t\t\t<div class=\"elementor-element elementor-element-51d7b16 elementor-widget elementor-widget-text-editor\" data-id=\"51d7b16\" data-element_type=\"widget\" data-widget_type=\"text-editor.default\">\n\t\t\t\t<div class=\"elementor-widget-container\">\n\t\t\t\t\t\t\t<p>*Los importes indicados incluyen los costes de todo el programa, suponiendo un plazo normal hasta su finalizaci\u00f3n. Tenga en cuenta que esta informaci\u00f3n est\u00e1 sujeta a cambios.<\/p>\n\t\t\t\t\t\t<\/div>\n\t\t\t\t<\/div>\n\t\t\t\t<div class=\"elementor-element elementor-element-68523f7 elementor-widget elementor-widget-leonie_core_separator\" data-id=\"68523f7\" data-element_type=\"widget\" data-widget_type=\"leonie_core_separator.default\">\n\t\t\t\t<div class=\"elementor-widget-container\">\n\t\t\t<div class=\"qodef-shortcode qodef-m  qodef-separator clear \">\n\t<div class=\"qodef-m-line\" ><\/div>\n<\/div>\n\t\t<\/div>\n\t\t\t\t<\/div>\n\t\t\t\t<div class=\"elementor-element elementor-element-a25af75 elementor-widget elementor-widget-leonie_core_section_title\" data-id=\"a25af75\" data-element_type=\"widget\" data-widget_type=\"leonie_core_section_title.default\">\n\t\t\t\t<div class=\"elementor-widget-container\">\n\t\t\t<div class=\"qodef-shortcode qodef-m  qodef-section-title qodef-alignment--left \">\n\t\t<span class=\"qodef-m-tagline\" >\n\t\tGRADUATES<span class=\"qodef-tagline-separator\"><\/span>\t<\/span>\n\t<h3 class=\"qodef-m-title\" >\n\t\t60% of program graduates got jobs\t\t<\/h3>\n\t\t\n\t<\/div>\n\t\t<\/div>\n\t\t\t\t<\/div>\n\t\t\t\t<div class=\"elementor-element elementor-element-81977ee elementor-widget elementor-widget-text-editor\" data-id=\"81977ee\" data-element_type=\"widget\" data-widget_type=\"text-editor.default\">\n\t\t\t\t<div class=\"elementor-widget-container\">\n\t\t\t\t\t\t\t<p>seg\u00fan la tasa de inserci\u00f3n laboral de la Comisi\u00f3n Nacional de Acreditaci\u00f3n de Carreras de Artes y Ciencias<\/p>\n\t\t\t\t\t\t<\/div>\n\t\t\t\t<\/div>\n\t\t\t\t<div class=\"elementor-element elementor-element-b913217 elementor-widget elementor-widget-leonie_core_separator\" data-id=\"b913217\" data-element_type=\"widget\" data-widget_type=\"leonie_core_separator.default\">\n\t\t\t\t<div class=\"elementor-widget-container\">\n\t\t\t<div class=\"qodef-shortcode qodef-m  qodef-separator clear \">\n\t<div class=\"qodef-m-line\" ><\/div>\n<\/div>\n\t\t<\/div>\n\t\t\t\t<\/div>\n\t\t\t\t<div class=\"elementor-element elementor-element-8d87b53 elementor-widget elementor-widget-leonie_core_section_title\" data-id=\"8d87b53\" data-element_type=\"widget\" data-widget_type=\"leonie_core_section_title.default\">\n\t\t\t\t<div class=\"elementor-widget-container\">\n\t\t\t<div class=\"qodef-shortcode qodef-m  qodef-section-title qodef-alignment--left \">\n\t\t<span class=\"qodef-m-tagline\" >\n\t\tProgram<span class=\"qodef-tagline-separator\"><\/span> qualifies students to sit for licensure exam in:\t<\/span>\n\t<h3 class=\"qodef-m-title\" >\n\t\tCalifornia\t\t<\/h3>\n\t\t\n\t<\/div>\n\t\t<\/div>\n\t\t\t\t<\/div>\n\t\t\t\t<div class=\"elementor-element elementor-element-a4198f4 elementor-widget elementor-widget-text-editor\" data-id=\"a4198f4\" data-element_type=\"widget\" data-widget_type=\"text-editor.default\">\n\t\t\t\t<div class=\"elementor-widget-container\">\n\t\t\t\t\t\t\t<p>El programa no cumple los requisitos para obtener la licencia en Alabama, Alaska, Samoa Americana, Arizona, Arkansas, Colorado, Connecticut, Delaware, Distrito de Columbia, Estados Federados de Micronesia, Florida, Georgia, Guam, Hawai, Idaho, Illinois, Indiana, Iowa, Kansas, Kentucky, Luisiana, Maine, Islas Marshall, Maryland, Massachusetts, Michigan, Minnesota, Mississippi, Missouri, Montana, Nebraska, Nevada, New Hampshire, New Jersey, New Mexico, New York, North Carolina, North Dakota, Northern Marianas, Ohio, Oklahoma, Oregon, Palau, Pennsylvania, Puerto Rico, Rhode Island, South Carolina, South Dakota, Tennessee, Texas, Utah, Vermont, Virgin Islands, Virginia, Washington, West Virginia, Wisconsin, Wyoming<\/p>\n\t\t\t\t\t\t<\/div>\n\t\t\t\t<\/div>\n\t\t\t\t<div class=\"elementor-element elementor-element-f0bdf10 elementor-widget elementor-widget-leonie_core_separator\" data-id=\"f0bdf10\" data-element_type=\"widget\" data-widget_type=\"leonie_core_separator.default\">\n\t\t\t\t<div class=\"elementor-widget-container\">\n\t\t\t<div class=\"qodef-shortcode qodef-m  qodef-separator clear \">\n\t<div class=\"qodef-m-line\" ><\/div>\n<\/div>\n\t\t<\/div>\n\t\t\t\t<\/div>\n\t\t\t\t<div class=\"elementor-element elementor-element-69e90b0 elementor-widget elementor-widget-leonie_core_section_title\" data-id=\"69e90b0\" data-element_type=\"widget\" data-widget_type=\"leonie_core_section_title.default\">\n\t\t\t\t<div class=\"elementor-widget-container\">\n\t\t\t<div class=\"qodef-shortcode qodef-m  qodef-section-title qodef-alignment--left \">\n\t\t<span class=\"qodef-m-tagline\" >\n\t\tPROGRAM<span class=\"qodef-tagline-separator\"><\/span> GRADUATES ARE EMPLOYED IN THE FOLLOWING FIELDS\t<\/span>\n\t<h3 class=\"qodef-m-title\" >\n\t\tHairdressers, Hairstylists, and Cosmetologists\t\t<\/h3>\n\t\t\n\t<\/div>\n\t\t<\/div>\n\t\t\t\t<\/div>\n\t\t\t\t<div class=\"elementor-element elementor-element-5d77f53 elementor-widget elementor-widget-leonie_core_section_title\" data-id=\"5d77f53\" data-element_type=\"widget\" data-widget_type=\"leonie_core_section_title.default\">\n\t\t\t\t<div class=\"elementor-widget-container\">\n\t\t\t<div class=\"qodef-shortcode qodef-m  qodef-section-title qodef-alignment--left \">\n\t\t<h3 class=\"qodef-m-title\" >\n\t\tMakeup Artists, Theatrical and Performance\t\t<\/h3>\n\t\t\n\t<\/div>\n\t\t<\/div>\n\t\t\t\t<\/div>\n\t\t\t\t<div class=\"elementor-element elementor-element-c0294ae elementor-widget elementor-widget-leonie_core_section_title\" data-id=\"c0294ae\" data-element_type=\"widget\" data-widget_type=\"leonie_core_section_title.default\">\n\t\t\t\t<div class=\"elementor-widget-container\">\n\t\t\t<div class=\"qodef-shortcode qodef-m  qodef-section-title qodef-alignment--left \">\n\t\t<h3 class=\"qodef-m-title\" >\n\t\tManicurists and Pedicurists\t\t<\/h3>\n\t\t\n\t<\/div>\n\t\t<\/div>\n\t\t\t\t<\/div>\n\t\t\t\t<div class=\"elementor-element elementor-element-4ce23a0 elementor-widget elementor-widget-leonie_core_section_title\" data-id=\"4ce23a0\" data-element_type=\"widget\" data-widget_type=\"leonie_core_section_title.default\">\n\t\t\t\t<div class=\"elementor-widget-container\">\n\t\t\t<div class=\"qodef-shortcode qodef-m  qodef-section-title qodef-alignment--left \">\n\t\t<h3 class=\"qodef-m-title\" >\n\t\tSkincare Specialists\t\t<\/h3>\n\t\t\n\t<\/div>\n\t\t<\/div>\n\t\t\t\t<\/div>\n\t\t\t\t<div class=\"elementor-element elementor-element-9256a16 elementor-widget elementor-widget-text-editor\" data-id=\"9256a16\" data-element_type=\"widget\" data-widget_type=\"text-editor.default\">\n\t\t\t\t<div class=\"elementor-widget-container\">\n\t\t\t\t\t\t\t<p>Fecha de creaci\u00f3n 2\/1\/2020<br \/>El Departamento de Educaci\u00f3n de los EE.UU. exige la divulgaci\u00f3n de esta informaci\u00f3n.<\/p>\n\t\t\t\t\t\t<\/div>\n\t\t\t\t<\/div>\n\t\t\t\t\t<\/div>\n\t\t<\/div>\n\t\t\t\t\t\t\t<\/div>\n\t\t<\/section>\n\t\t\t\t\t\t\t<\/div>\n\t\t","protected":false},"excerpt":{"rendered":"<p>Cosmetology PROGRAM LENGTH 48 weeks *Porcentaje de estudiantes que completaron el programa en el 100% del tiempo normal (48 semanas). Programa de cosmetolog\u00eda (1.600 horas reloj) El plan de estudios para los estudiantes matriculados en un programa de cosmetolog\u00eda consta de mil seiscientas (1.600) horas reloj de instrucci\u00f3n t\u00e9cnica y operaciones pr\u00e1cticas que abarcan todas [&hellip;]<\/p>\n","protected":false},"author":1,"featured_media":0,"parent":0,"menu_order":0,"comment_status":"closed","ping_status":"closed","template":"page-full-width.php","meta":[],"_links":{"self":[{"href":"https:\/\/laca.edu\/es\/wp-json\/wp\/v2\/pages\/10032"}],"collection":[{"href":"https:\/\/laca.edu\/es\/wp-json\/wp\/v2\/pages"}],"about":[{"href":"https:\/\/laca.edu\/es\/wp-json\/wp\/v2\/types\/page"}],"author":[{"embeddable":true,"href":"https:\/\/laca.edu\/es\/wp-json\/wp\/v2\/users\/1"}],"replies":[{"embeddable":true,"href":"https:\/\/laca.edu\/es\/wp-json\/wp\/v2\/comments?post=10032"}],"version-history":[{"count":7,"href":"https:\/\/laca.edu\/es\/wp-json\/wp\/v2\/pages\/10032\/revisions"}],"predecessor-version":[{"id":10303,"href":"https:\/\/laca.edu\/es\/wp-json\/wp\/v2\/pages\/10032\/revisions\/10303"}],"wp:attachment":[{"href":"https:\/\/laca.edu\/es\/wp-json\/wp\/v2\/media?parent=10032"}],"curies":[{"name":"wp","href":"https:\/\/api.w.org\/{rel}","templated":true}]}}