{"id":9979,"date":"2021-04-27T08:47:03","date_gmt":"2021-04-27T15:47:03","guid":{"rendered":"https:\/\/laca.edu\/esteticista\/"},"modified":"2024-02-17T14:03:53","modified_gmt":"2024-02-17T22:03:53","slug":"esthetician","status":"publish","type":"page","link":"https:\/\/laca.edu\/es\/esthetician\/","title":{"rendered":"Esthetician"},"content":{"rendered":"\t\t<div data-elementor-type=\"wp-page\" data-elementor-id=\"9979\" class=\"elementor elementor-9979 elementor-2463\">\n\t\t\t\t\t\t\t\t\t<section class=\"elementor-section elementor-top-section elementor-element elementor-element-af94a11 elementor-section-full_width elementor-section-stretched elementor-section-height-default elementor-section-height-default qodef-elementor-content-no\" data-id=\"af94a11\" data-element_type=\"section\" data-settings=\"{&quot;background_background&quot;:&quot;classic&quot;,&quot;stretch_section&quot;:&quot;section-stretched&quot;}\">\n\t\t\t\t\t\t<div class=\"elementor-container elementor-column-gap-default\">\n\t\t\t\t\t<div class=\"elementor-column elementor-col-50 elementor-top-column elementor-element elementor-element-b271e18 elementor-hidden-tablet elementor-hidden-mobile\" data-id=\"b271e18\" data-element_type=\"column\" data-settings=\"{&quot;background_background&quot;:&quot;classic&quot;}\">\n\t\t\t<div class=\"elementor-widget-wrap\">\n\t\t\t\t\t\t\t\t\t<\/div>\n\t\t<\/div>\n\t\t\t\t<div class=\"elementor-column elementor-col-50 elementor-top-column elementor-element elementor-element-093ec02\" data-id=\"093ec02\" data-element_type=\"column\">\n\t\t\t<div class=\"elementor-widget-wrap elementor-element-populated\">\n\t\t\t\t\t\t\t\t<div class=\"elementor-element elementor-element-8659bf1 elementor-widget elementor-widget-leonie_core_section_title\" data-id=\"8659bf1\" data-element_type=\"widget\" data-widget_type=\"leonie_core_section_title.default\">\n\t\t\t\t<div class=\"elementor-widget-container\">\n\t\t\t<div class=\"qodef-shortcode qodef-m program-title qodef-section-title qodef-alignment--left \">\n\t\t<h1 class=\"qodef-m-title\" style=\"color: #410099\">\n\t\tEsteticista\t\t<\/h1>\n\t\t\n\t<\/div>\n\t\t<\/div>\n\t\t\t\t<\/div>\n\t\t\t\t<div class=\"elementor-element elementor-element-b13fcc8 elementor-widget elementor-widget-leonie_core_section_title\" data-id=\"b13fcc8\" data-element_type=\"widget\" data-widget_type=\"leonie_core_section_title.default\">\n\t\t\t\t<div class=\"elementor-widget-container\">\n\t\t\t<div class=\"qodef-shortcode qodef-m  qodef-section-title qodef-alignment--left \">\n\t\t<span class=\"qodef-m-tagline\" >\n\t\tESTHETICIAN<span class=\"qodef-tagline-separator\"><\/span> (Spanish) PROGRAM (600 Hours)\t<\/span>\n\t<h3 class=\"qodef-m-title\" >\n\t\tCuidado de la Piel\t\t<\/h3>\n\t\t\n\t<\/div>\n\t\t<\/div>\n\t\t\t\t<\/div>\n\t\t\t\t<div class=\"elementor-element elementor-element-fc347d1 elementor-widget elementor-widget-text-editor\" data-id=\"fc347d1\" data-element_type=\"widget\" data-widget_type=\"text-editor.default\">\n\t\t\t\t<div class=\"elementor-widget-container\">\n\t\t\t<style>\/*! elementor - v3.13.3 - 22-05-2023 *\/\n.elementor-widget-text-editor.elementor-drop-cap-view-stacked .elementor-drop-cap{background-color:#69727d;color:#fff}.elementor-widget-text-editor.elementor-drop-cap-view-framed .elementor-drop-cap{color:#69727d;border:3px solid;background-color:transparent}.elementor-widget-text-editor:not(.elementor-drop-cap-view-default) .elementor-drop-cap{margin-top:8px}.elementor-widget-text-editor:not(.elementor-drop-cap-view-default) .elementor-drop-cap-letter{width:1em;height:1em}.elementor-widget-text-editor .elementor-drop-cap{float:left;text-align:center;line-height:1;font-size:50px}.elementor-widget-text-editor .elementor-drop-cap-letter{display:inline-block}<\/style>\t\t\t\t<p>es una de las \u00e1reas de m\u00e1s r\u00e1pido crecimiento en la industria de la belleza y la moda. Un esteticista es un experto en el cuidado de la piel que utiliza t\u00e9cnicas y productos para mantener la piel sana, el\u00e1stica y atractiva. El Programa de Esteticista (Cuidado de la Piel) ofrece capacitaci\u00f3n en tratamientos faciales, corporales tratamientos, depilaciones, microdermoabrasi\u00f3n, m\u00e1quinas de alta frecuencia y galv\u00e1nicas, Extensi\u00f3n de Pesta\u00f1as y Laminaci\u00f3n de Cejas.  <\/p>\n<\/p>\n<p>Nuestro programa de esteticista de 600 horas cumple con los requisitos estatales m\u00ednimos. Nuestra misi\u00f3n es ofrecer capacitaci\u00f3n que prepare al estudiante para adquirir los conocimientos y habilidades necesarios para aprobar el examen de licencia de la Junta de Peluquer\u00eda y Cosmetolog\u00eda.<\/p>\n<\/p>\n<p>En el proceso, nuestro objetivo es maximizar el desarrollo y crecimiento personal de cada estudiante como persona total, para ayudar a cada estudiante a descubrir su potencial y, con suerte, funcionar como empresarios esteticistas del futuro. Las oportunidades profesionales incluyen esteticista, especialista en el cuidado de la piel, asesor de belleza, educador\/representante de marca, esteticista de SPA, t\u00e9cnico de extensi\u00f3n de pesta\u00f1as, t\u00e9cnico de cera, gerente\/propietario de spa \u00a1y mucho m\u00e1s! <\/p>\n\t\t\t\t\t\t<\/div>\n\t\t\t\t<\/div>\n\t\t\t\t\t<\/div>\n\t\t<\/div>\n\t\t\t\t\t\t\t<\/div>\n\t\t<\/section>\n\t\t\t\t\t\t\t<\/div>\n\t\t","protected":false},"excerpt":{"rendered":"<p>Esteticista ESTHETICIAN (Spanish) PROGRAM (600 Hours) Cuidado de la Piel es una de las \u00e1reas de m\u00e1s r\u00e1pido crecimiento en la industria de la belleza y la moda. Un esteticista es un experto en el cuidado de la piel que utiliza t\u00e9cnicas y productos para mantener la piel sana, el\u00e1stica y atractiva. El Programa de [&hellip;]<\/p>\n","protected":false},"author":1,"featured_media":0,"parent":0,"menu_order":0,"comment_status":"closed","ping_status":"closed","template":"page-full-width.php","meta":[],"_links":{"self":[{"href":"https:\/\/laca.edu\/es\/wp-json\/wp\/v2\/pages\/9979"}],"collection":[{"href":"https:\/\/laca.edu\/es\/wp-json\/wp\/v2\/pages"}],"about":[{"href":"https:\/\/laca.edu\/es\/wp-json\/wp\/v2\/types\/page"}],"author":[{"embeddable":true,"href":"https:\/\/laca.edu\/es\/wp-json\/wp\/v2\/users\/1"}],"replies":[{"embeddable":true,"href":"https:\/\/laca.edu\/es\/wp-json\/wp\/v2\/comments?post=9979"}],"version-history":[{"count":10,"href":"https:\/\/laca.edu\/es\/wp-json\/wp\/v2\/pages\/9979\/revisions"}],"predecessor-version":[{"id":10488,"href":"https:\/\/laca.edu\/es\/wp-json\/wp\/v2\/pages\/9979\/revisions\/10488"}],"wp:attachment":[{"href":"https:\/\/laca.edu\/es\/wp-json\/wp\/v2\/media?parent=9979"}],"curies":[{"name":"wp","href":"https:\/\/api.w.org\/{rel}","templated":true}]}}