{"id":9984,"date":"2021-04-29T14:42:11","date_gmt":"2021-04-29T21:42:11","guid":{"rendered":"https:\/\/laca.edu\/quienes-somos\/"},"modified":"2024-02-05T11:40:52","modified_gmt":"2024-02-05T19:40:52","slug":"about-us","status":"publish","type":"page","link":"https:\/\/laca.edu\/es\/about-us\/","title":{"rendered":"Sobre nosotros"},"content":{"rendered":"<h4 style=\"margin-top: 23px\">\n\t\t\t\t\tNuestro Campus<br \/>\n\t\t\t<\/h4>\n<p >LACA est\u00e1 situada en una de las zonas m\u00e1s densamente pobladas y \u00e9tnicamente diversas de Los \u00c1ngeles.<\/p>\n<h4 style=\"margin-top: 23px\">\n\t\t\t\t\tNuestras classes<br \/>\n\t\t\t<\/h4>\n<p >Contamos con classes con tecnolog\u00eda audiovisual y un centro de recursos totalmente equipado con un \u00e1rea de estudio independiente.<\/p>\n<h4 style=\"margin-top: 23px\">\n\t\t\t\t\tAcreditaci\u00f3n<br \/>\n\t\t\t<\/h4>\n<p >LACA est\u00e1 acreditada por la Comisi\u00f3n Nacional de Acreditaci\u00f3n de Carreras en Artes y Ciencias (NACCAS) en Alexandria, VA.<\/p>\n<p>\t\t\t<img decoding=\"async\" src=\"https:\/\/laca.edu\/wp-content\/uploads\/2024\/01\/DSC09756-600x600.jpg\" alt=\"\" width=\"600\" height=\"600\" data-ratio=\"1\" \/><br \/>\n\t\tLos angeles college of aesthetics\t<\/p>\n<h2 >\n\t\tNuestra Mission\t\t<\/h2>\n<p style=\"margin-top: 11px\">En Los Angeles College of Aesthetics, nuestra misi\u00f3n es ofrecer capacitaci\u00f3n que prepare al estudiante para adquirir el conocimiento y las habilidades necesarias para aprobar los ex\u00e1menes de licencia de la Junta de Peluquer\u00eda y Cosmetolog\u00eda.<\/p>\n<p>En el proceso, nuestro objetivo es maximizar el desarrollo y crecimiento personal de cada estudiante como persona total. Tambi\u00e9n es ayudar a cada estudiante a descubrir su potencial para que puedan convertirse en los empresarios de cosmetolog\u00eda\/barber\u00eda del futuro. Nuestro objetivo vocacional es capacitar y producir graduados que tengan el conocimiento suficiente para buscar y encontrar empleo en la industria de la salud, el spa y la belleza. El estudiante exitoso debe poder funcionar eficazmente en una de las muchas \u00e1reas de especialidad, tales como: estilista, colorista, barbero, especialista en el cuidado de la piel, manicurista, maquillador o operador de sal\u00f3n de belleza. Los Angeles College of Aesthetics da la bienvenida a todas las personas interesadas en una carrera en belleza. Estaremos encantados de que visites la escuela en cualquier momento. Venga y vea nuestro campus estudiantil, conozca al personal docente y considere las muchas ventajas de nuestros estudiantes serios. Estaremos encantados de responder a todas sus preguntas.       <\/p>\n<style>\/*! elementor - v3.13.3 - 22-05-2023 *\/\n.elementor-widget-image{text-align:center}.elementor-widget-image a{display:inline-block}.elementor-widget-image a img[src$=\".svg\"]{width:48px}.elementor-widget-image img{vertical-align:middle;display:inline-block}<\/style>\n<p>\t\t\t\t\t\t\t\t\t\t\t\t<img decoding=\"async\" width=\"217\" height=\"105\" src=\"https:\/\/laca.edu\/wp-content\/uploads\/2022\/02\/jeff_yoo.png\" alt=\"\" \/>\t\t\t\t\t\t\t\t\t\t\t\t\t\t\t<\/p>\n<h6 >Founder<\/h6>\n<p style=\"color: #A19C99;font-family: Catamaran;font-size: 11px;line-height: 18px;letter-spacing: 2px;font-weight: 600;font-style: normal\">JEFF YOO<\/p>\n","protected":false},"excerpt":{"rendered":"<p>Nuestro Campus LACA est\u00e1 situada en una de las zonas m\u00e1s densamente pobladas y \u00e9tnicamente diversas de Los \u00c1ngeles. Nuestras classes Contamos con classes con tecnolog\u00eda audiovisual y un centro de recursos totalmente equipado con un \u00e1rea de estudio independiente. Acreditaci\u00f3n LACA est\u00e1 acreditada por la Comisi\u00f3n Nacional de Acreditaci\u00f3n de Carreras en Artes y [&hellip;]<\/p>\n","protected":false},"author":1,"featured_media":0,"parent":0,"menu_order":0,"comment_status":"closed","ping_status":"closed","template":"page-full-width.php","meta":[],"_links":{"self":[{"href":"https:\/\/laca.edu\/es\/wp-json\/wp\/v2\/pages\/9984"}],"collection":[{"href":"https:\/\/laca.edu\/es\/wp-json\/wp\/v2\/pages"}],"about":[{"href":"https:\/\/laca.edu\/es\/wp-json\/wp\/v2\/types\/page"}],"author":[{"embeddable":true,"href":"https:\/\/laca.edu\/es\/wp-json\/wp\/v2\/users\/1"}],"replies":[{"embeddable":true,"href":"https:\/\/laca.edu\/es\/wp-json\/wp\/v2\/comments?post=9984"}],"version-history":[{"count":18,"href":"https:\/\/laca.edu\/es\/wp-json\/wp\/v2\/pages\/9984\/revisions"}],"predecessor-version":[{"id":10341,"href":"https:\/\/laca.edu\/es\/wp-json\/wp\/v2\/pages\/9984\/revisions\/10341"}],"wp:attachment":[{"href":"https:\/\/laca.edu\/es\/wp-json\/wp\/v2\/media?parent=9984"}],"curies":[{"name":"wp","href":"https:\/\/api.w.org\/{rel}","templated":true}]}}